  {"id":94450,"date":"2023-09-07T10:11:28","date_gmt":"2023-09-07T08:11:28","guid":{"rendered":"https:\/\/us.seedtoskin.com\/senza-categoria\/the-light-source\/"},"modified":"2024-11-06T14:32:57","modified_gmt":"2024-11-06T13:32:57","slug":"the-light-source","status":"publish","type":"product","link":"https:\/\/us.seedtoskin.com\/it\/the-light-source\/","title":{"rendered":"The Light Source"},"content":{"rendered":"","protected":false},"excerpt":{"rendered":"<p><span style=\"font-weight: 400;\">The Light Source migliora istantaneamente l&#8217;aspetto della pelle secca e matura, aiuta a ricostruire la barriera cutanea e a trattenere l\u2019idratazione per rimpolpare e migliorare l&#8217;aspetto di linee sottili e rughe. Questa straordinaria formula ripristina in modo immediato e visibile l&#8217;elasticit\u00e0 della pelle. Ristruttura la barriera lipidica e nutre la cute secca e matura per un aspetto profondamente idratato e pi\u00f9 compatto. Il risultato \u00e8 una pelle dall&#8217;aspetto pi\u00f9 sano e luminoso.<\/span><\/p>\n","protected":false},"featured_media":94112,"comment_status":"closed","ping_status":"closed","template":"","meta":{"_acf_changed":false},"product_brand":[],"product_cat":[139,227,132],"product_tag":[],"class_list":{"0":"post-94450","1":"product","2":"type-product","3":"status-publish","4":"has-post-thumbnail","6":"product_cat-idratazione","7":"product_cat-indispensabili-primavera","8":"product_cat-skincare","10":"first","11":"instock","12":"taxable","13":"shipping-taxable","14":"purchasable","15":"product-type-simple"},"bundled_by":["99888","100251","108397"],"bundle_stock_status":"instock","bundle_stock_quantity":null,"bundle_virtual":false,"bundle_layout":"","bundle_add_to_cart_form_location":"","bundle_editable_in_cart":false,"bundle_sold_individually_context":"","bundle_item_grouping":"","bundle_min_size":"","bundle_max_size":"","bundle_price":[],"bundled_items":[],"bundle_sell_ids":[],"acf":[],"_links":{"self":[{"href":"https:\/\/us.seedtoskin.com\/it\/wp-json\/wp\/v2\/product\/94450","targetHints":{"allow":["GET"]}}],"collection":[{"href":"https:\/\/us.seedtoskin.com\/it\/wp-json\/wp\/v2\/product"}],"about":[{"href":"https:\/\/us.seedtoskin.com\/it\/wp-json\/wp\/v2\/types\/product"}],"replies":[{"embeddable":true,"href":"https:\/\/us.seedtoskin.com\/it\/wp-json\/wp\/v2\/comments?post=94450"}],"wp:featuredmedia":[{"embeddable":true,"href":"https:\/\/us.seedtoskin.com\/it\/wp-json\/wp\/v2\/media\/94112"}],"wp:attachment":[{"href":"https:\/\/us.seedtoskin.com\/it\/wp-json\/wp\/v2\/media?parent=94450"}],"wp:term":[{"taxonomy":"product_brand","embeddable":true,"href":"https:\/\/us.seedtoskin.com\/it\/wp-json\/wp\/v2\/product_brand?post=94450"},{"taxonomy":"product_cat","embeddable":true,"href":"https:\/\/us.seedtoskin.com\/it\/wp-json\/wp\/v2\/product_cat?post=94450"},{"taxonomy":"product_tag","embeddable":true,"href":"https:\/\/us.seedtoskin.com\/it\/wp-json\/wp\/v2\/product_tag?post=94450"}],"curies":[{"name":"wp","href":"https:\/\/api.w.org\/{rel}","templated":true}]}}