  {"id":6368,"date":"2019-05-07T10:15:10","date_gmt":"2019-05-07T08:15:10","guid":{"rendered":"https:\/\/skin.babarogi.webfactional.com\/?post_type=product&#038;p=6368"},"modified":"2024-11-06T12:58:19","modified_gmt":"2024-11-06T11:58:19","slug":"the-black-magic-maschera-carbone-detossinante","status":"publish","type":"product","link":"https:\/\/us.seedtoskin.com\/it\/the-black-magic-maschera-carbone-detossinante\/","title":{"rendered":"The Black Magic"},"content":{"rendered":"","protected":false},"excerpt":{"rendered":"<p>Trattamento \u201call in one\u201d che ringiovanisce e trasforma la pelle istantaneamente. Questa maschera, che \u00e8 una via di mezzo tra un \u201cresurfacing\u201d e un trattamento detossinante e rassodante, fornisce una nuova \u201ciniezione\u201d di ossigeno ed energizza le cellule della pelle fino agli strati pi\u00f9 profondi. Ha una tripla azione che agisce sulla superficie della cute rendendola pi\u00f9 liscia, detergendola a fondo e riducendo i pori perch\u00e9 promuove la produzione naturale di collagene. Il risultato \u00e8 una pelle pi\u00f9 morbida, liscia e profondamente idratata, una struttura pi\u00f9 regolare e meno rughe, per un aspetto fresco e radioso.<\/p>\n","protected":false},"featured_media":91877,"comment_status":"open","ping_status":"closed","template":"","meta":{"_acf_changed":false},"product_brand":[],"product_cat":[136,231,227,232,230,132],"product_tag":[],"class_list":{"0":"post-6368","1":"product","2":"type-product","3":"status-publish","4":"has-post-thumbnail","6":"product_cat-maschere-viso","7":"product_cat-best-sellers-it","8":"product_cat-indispensabili-primavera","9":"product_cat-prodottidipunta","10":"product_cat-prodotti-premiati","11":"product_cat-skincare","13":"first","14":"instock","15":"taxable","16":"shipping-taxable","17":"purchasable","18":"product-type-simple"},"bundled_by":["8591","13400","13403","15475","16042","32292","39707","45596","54913","57653","96899"],"bundle_stock_status":"instock","bundle_stock_quantity":null,"bundle_virtual":false,"bundle_layout":"","bundle_add_to_cart_form_location":"","bundle_editable_in_cart":false,"bundle_sold_individually_context":"","bundle_item_grouping":"","bundle_min_size":"","bundle_max_size":"","bundle_price":[],"bundled_items":[],"bundle_sell_ids":[],"acf":[],"_links":{"self":[{"href":"https:\/\/us.seedtoskin.com\/it\/wp-json\/wp\/v2\/product\/6368","targetHints":{"allow":["GET"]}}],"collection":[{"href":"https:\/\/us.seedtoskin.com\/it\/wp-json\/wp\/v2\/product"}],"about":[{"href":"https:\/\/us.seedtoskin.com\/it\/wp-json\/wp\/v2\/types\/product"}],"replies":[{"embeddable":true,"href":"https:\/\/us.seedtoskin.com\/it\/wp-json\/wp\/v2\/comments?post=6368"}],"wp:featuredmedia":[{"embeddable":true,"href":"https:\/\/us.seedtoskin.com\/it\/wp-json\/wp\/v2\/media\/91877"}],"wp:attachment":[{"href":"https:\/\/us.seedtoskin.com\/it\/wp-json\/wp\/v2\/media?parent=6368"}],"wp:term":[{"taxonomy":"product_brand","embeddable":true,"href":"https:\/\/us.seedtoskin.com\/it\/wp-json\/wp\/v2\/product_brand?post=6368"},{"taxonomy":"product_cat","embeddable":true,"href":"https:\/\/us.seedtoskin.com\/it\/wp-json\/wp\/v2\/product_cat?post=6368"},{"taxonomy":"product_tag","embeddable":true,"href":"https:\/\/us.seedtoskin.com\/it\/wp-json\/wp\/v2\/product_tag?post=6368"}],"curies":[{"name":"wp","href":"https:\/\/api.w.org\/{rel}","templated":true}]}}