  {"id":2536,"date":"2018-04-20T17:45:53","date_gmt":"2018-04-20T15:45:53","guid":{"rendered":"https:\/\/seed-to-skin.com\/?post_type=product&#038;p=2536"},"modified":"2025-04-22T15:43:18","modified_gmt":"2025-04-22T13:43:18","slug":"the-radiance-crema-esfoliante-illuminante","status":"publish","type":"product","link":"https:\/\/us.seedtoskin.com\/it\/the-radiance-crema-esfoliante-illuminante\/","title":{"rendered":"The Radiance"},"content":{"rendered":"","protected":false},"excerpt":{"rendered":"<p>Una crema esfoliante delicata arricchita con un complesso enzimatico e minuscoli cristalli che, creando un\u2019azione microdermoabrasiva, levigano e rimuovono le cellule morte e le impurit\u00e0 per una pelle pi\u00f9 sana e pi\u00f9 luminosa.<\/p>\n","protected":false},"featured_media":91934,"comment_status":"open","ping_status":"closed","template":"","meta":{"_acf_changed":false},"product_brand":[],"product_cat":[135,232,132],"product_tag":[],"class_list":{"0":"post-2536","1":"product","2":"type-product","3":"status-publish","4":"has-post-thumbnail","6":"product_cat-esfoliazione","7":"product_cat-prodottidipunta","8":"product_cat-skincare","10":"first","11":"instock","12":"taxable","13":"shipping-taxable","14":"purchasable","15":"product-type-simple"},"bundled_by":["24997","64197"],"bundle_stock_status":"instock","bundle_stock_quantity":null,"bundle_virtual":false,"bundle_layout":"","bundle_add_to_cart_form_location":"","bundle_editable_in_cart":false,"bundle_sold_individually_context":"","bundle_item_grouping":"","bundle_min_size":"","bundle_max_size":"","bundle_price":[],"bundled_items":[],"bundle_sell_ids":[],"acf":[],"_links":{"self":[{"href":"https:\/\/us.seedtoskin.com\/it\/wp-json\/wp\/v2\/product\/2536","targetHints":{"allow":["GET"]}}],"collection":[{"href":"https:\/\/us.seedtoskin.com\/it\/wp-json\/wp\/v2\/product"}],"about":[{"href":"https:\/\/us.seedtoskin.com\/it\/wp-json\/wp\/v2\/types\/product"}],"replies":[{"embeddable":true,"href":"https:\/\/us.seedtoskin.com\/it\/wp-json\/wp\/v2\/comments?post=2536"}],"wp:featuredmedia":[{"embeddable":true,"href":"https:\/\/us.seedtoskin.com\/it\/wp-json\/wp\/v2\/media\/91934"}],"wp:attachment":[{"href":"https:\/\/us.seedtoskin.com\/it\/wp-json\/wp\/v2\/media?parent=2536"}],"wp:term":[{"taxonomy":"product_brand","embeddable":true,"href":"https:\/\/us.seedtoskin.com\/it\/wp-json\/wp\/v2\/product_brand?post=2536"},{"taxonomy":"product_cat","embeddable":true,"href":"https:\/\/us.seedtoskin.com\/it\/wp-json\/wp\/v2\/product_cat?post=2536"},{"taxonomy":"product_tag","embeddable":true,"href":"https:\/\/us.seedtoskin.com\/it\/wp-json\/wp\/v2\/product_tag?post=2536"}],"curies":[{"name":"wp","href":"https:\/\/api.w.org\/{rel}","templated":true}]}}