  {"id":3040,"date":"2023-08-20T19:33:02","date_gmt":"2023-08-20T17:33:02","guid":{"rendered":"https:\/\/seed-to-skin.com\/returns-and-refunds\/"},"modified":"2023-09-14T22:00:47","modified_gmt":"2023-09-14T20:00:47","slug":"resi-e-rimborsi","status":"publish","type":"page","link":"https:\/\/us.seedtoskin.com\/it\/resi-e-rimborsi\/","title":{"rendered":"Resi e rimborsi"},"content":{"rendered":"<h1>Resi e rimborsi<\/h1>\n<div>Ai sensi e per gli effetti dell&#8217;art. 54 del Codice del Consumo, il Cliente che agisce nella qualit\u00e0 di Consumatore, entro il termine di 14 (quattordici) giorni lavorativi dal giorno di consegna del Prodotto potr\u00e0 esercitare il diritto di recesso, ottenendo il rimborso integrale degli importi corrisposti per l&#8217;acquisto del Prodotto ivi inclusi i costi di consegna sostenuti. Nel caso in cui il Cliente abbia scelto di farsi consegnare con pi\u00f9 spedizioni i Prodotti richiesti in un singolo Ordine od in caso di Prodotto costituito da lotti o pezzi multipli da consegnarsi con pi\u00f9 spedizioni, il termine per esercitare il recesso decorrer\u00e0 con la consegna dell&#8217;ultimo Prodotto. Per l&#8217;esercizio del diritto di recesso il Cliente dovr\u00e0 inoltrare, entro il termine indicato dal precedente paragrafo, l&#8217;apposito modulo pubblicato sul portale: <\/div>\n<p>\n    <a href=\"https:\/\/us.seedtoskin.com\/wp-content\/uploads\/SeedtoSkin_ReturnFormITA.pdf\">scarica il modulo<\/a>\n<\/p>\n<div>Nella comunicazione dovr\u00e0 essere indicato il numero dell\u2019ordine, la volont\u00e0 di recedere dall\u2019acquisto, i prodotto\/i per i quali si intende esercitare il diritto di recesso, le coordinate bancarie per ricevere il bonifico, dovr\u00e0 essere allegato un documento di identit\u00e0 e la copia della documentazione fiscale di acquisto presente nel pacco. In alternativa, sar\u00e0 possibile richiedere il rimborso del prodotto reso utilizzando lo stesso mezzo di pagamento scelto dal Consumatore in fase di acquisto.<\/div>\n<div>\n<p>Entro i 14 (quattordici) giorni successivi alla data della comunicazione del recesso nel caso di effettuazione sul portale,\u00a0 il Cliente dovr\u00e0 rispedire a mezzo plico raccomandato o con spedizione tracciabile il Prodotto al seguente indirizzo:<\/p>\n<p>La Societ\u00e0 Seed to Skin by Borgo Santo Pietro S.r.l., Borgo Santo Pietro 110, 53012 Chiusdino (SI), Italia sopportando interamente le relative spese di spedizione<\/p>\n<p>L\u2019integrit\u00e0 della merce da restituire \u00e8 condizione essenziale per l\u2019esercizio del diritto di recesso.<\/p>\n<p>Una volta ricevuto il Prodotto, e verificata la sua integrit\u00e0 La Societ\u00e0 Seed to Skin by Borgo Santo Pietro S.r.l. provveder\u00e0 al rimborso mediante esclusivamente tramite bonifico bancario.<\/p>\n<\/div>\n<p><!--more--><br \/>\n<!-- {\"type\":\"layout\",\"children\":[{\"type\":\"section\",\"props\":{\"animation\":\"fade\",\"class\":\"sc-terms\",\"image_position\":\"center-center\",\"style\":\"default\",\"title_breakpoint\":\"xl\",\"title_position\":\"top-left\",\"title_rotation\":\"left\",\"vertical_align\":\"middle\",\"width\":\"default\"},\"children\":[{\"type\":\"row\",\"children\":[{\"type\":\"column\",\"props\":{\"image_position\":\"center-center\",\"position_sticky_breakpoint\":\"m\",\"width_medium\":\"1-1\"},\"children\":[{\"type\":\"headline\",\"props\":{\"content\":\"Resi e rimborsi\",\"title_element\":\"h1\",\"title_style\":\"h3\"}},{\"type\":\"text\",\"props\":{\"column_breakpoint\":\"m\",\"content\":\"Ai sensi e per gli effetti dell'art. 54 del Codice del Consumo, il Cliente che agisce nella qualit\\u00e0 di Consumatore, entro il termine di 14 (quattordici) giorni lavorativi dal giorno di consegna del Prodotto potr\\u00e0 esercitare il diritto di recesso, ottenendo il rimborso integrale degli importi corrisposti per l'acquisto del Prodotto ivi inclusi i costi di consegna sostenuti. Nel caso in cui il Cliente abbia scelto di farsi consegnare con pi\\u00f9 spedizioni i Prodotti richiesti in un singolo Ordine od in caso di Prodotto costituito da lotti o pezzi multipli da consegnarsi con pi\\u00f9 spedizioni, il termine per esercitare il recesso decorrer\\u00e0 con la consegna dell'ultimo Prodotto. Per l'esercizio del diritto di recesso il Cliente dovr\\u00e0 inoltrare, entro il termine indicato dal precedente paragrafo, l'apposito modulo pubblicato sul portale: \",\"margin\":\"default\"}},{\"type\":\"button\",\"props\":{\"grid_column_gap\":\"small\",\"grid_row_gap\":\"small\",\"margin\":\"default\"},\"children\":[{\"type\":\"button_item\",\"props\":{\"button_style\":\"default\",\"content\":\"scarica il modulo\",\"icon\":\"download\",\"icon_align\":\"left\",\"link\":\"https:\\\/\\\/us.seedtoskin.com\\\/wp-content\\\/uploads\\\/SeedtoSkin_ReturnFormITA.pdf\",\"link_target\":\"blank\"}}]},{\"type\":\"text\",\"props\":{\"column_breakpoint\":\"m\",\"content\":\"Nella comunicazione dovr\\u00e0 essere indicato il numero dell\\u2019ordine, la volont\\u00e0 di recedere dall\\u2019acquisto, i prodotto\\\/i per i quali si intende esercitare il diritto di recesso, le coordinate bancarie per ricevere il bonifico, dovr\\u00e0 essere allegato un documento di identit\\u00e0 e la copia della documentazione fiscale di acquisto presente nel pacco. In alternativa, sar\\u00e0 possibile richiedere il rimborso del prodotto reso utilizzando lo stesso mezzo di pagamento scelto dal Consumatore in fase di acquisto.\",\"margin\":\"default\"}},{\"type\":\"text\",\"props\":{\"column_breakpoint\":\"m\",\"content\":\"\n\n<p>Entro i 14 (quattordici) giorni successivi alla data della comunicazione del recesso nel caso di effettuazione sul portale,\\u00a0 il Cliente dovr\\u00e0 rispedire a mezzo plico raccomandato o con spedizione tracciabile il Prodotto al seguente indirizzo:<\\\/p>\\n\n\n<p>La Societ\\u00e0 Seed to Skin by Borgo Santo Pietro S.r.l., Borgo Santo Pietro 110, 53012 Chiusdino (SI), Italia sopportando interamente le relative spese di spedizione<\\\/p>\\n\n\n<p>L\\u2019integrit\\u00e0 della merce da restituire \\u00e8 condizione essenziale per l\\u2019esercizio del diritto di recesso.<\\\/p>\\n\n\n<p>Una volta ricevuto il Prodotto, e verificata la sua integrit\\u00e0 La Societ\\u00e0 Seed to Skin by Borgo Santo Pietro S.r.l. provveder\\u00e0 al rimborso mediante esclusivamente tramite bonifico bancario.<\\\/p>\",\"margin\":\"default\"}}]}]}]}],\"version\":\"4.0.11\"} --><\/p>\n","protected":false},"excerpt":{"rendered":"<p>Resi e rimborsi Ai sensi e per gli effetti dell&#8217;art. 54 del Codice del Consumo, il Cliente che agisce nella qualit\u00e0 di Consumatore, entro il termine di 14 (quattordici) giorni lavorativi dal giorno di consegna del Prodotto potr\u00e0 esercitare il diritto di recesso, ottenendo il rimborso integrale degli importi corrisposti per l&#8217;acquisto del Prodotto ivi [&hellip;]<\/p>\n","protected":false},"author":454,"featured_media":0,"parent":0,"menu_order":4,"comment_status":"closed","ping_status":"closed","template":"","meta":{"_acf_changed":false,"footnotes":""},"class_list":["post-3040","page","type-page","status-publish","hentry"],"acf":[],"_links":{"self":[{"href":"https:\/\/us.seedtoskin.com\/it\/wp-json\/wp\/v2\/pages\/3040","targetHints":{"allow":["GET"]}}],"collection":[{"href":"https:\/\/us.seedtoskin.com\/it\/wp-json\/wp\/v2\/pages"}],"about":[{"href":"https:\/\/us.seedtoskin.com\/it\/wp-json\/wp\/v2\/types\/page"}],"author":[{"embeddable":true,"href":"https:\/\/us.seedtoskin.com\/it\/wp-json\/wp\/v2\/users\/454"}],"replies":[{"embeddable":true,"href":"https:\/\/us.seedtoskin.com\/it\/wp-json\/wp\/v2\/comments?post=3040"}],"version-history":[{"count":2,"href":"https:\/\/us.seedtoskin.com\/it\/wp-json\/wp\/v2\/pages\/3040\/revisions"}],"predecessor-version":[{"id":94080,"href":"https:\/\/us.seedtoskin.com\/it\/wp-json\/wp\/v2\/pages\/3040\/revisions\/94080"}],"wp:attachment":[{"href":"https:\/\/us.seedtoskin.com\/it\/wp-json\/wp\/v2\/media?parent=3040"}],"curies":[{"name":"wp","href":"https:\/\/api.w.org\/{rel}","templated":true}]}}